{"id":31,"date":"2015-10-21T12:34:01","date_gmt":"2015-10-21T12:34:01","guid":{"rendered":"http:\/\/test.kriesi.at\/construction\/?page_id=31"},"modified":"2023-02-02T00:39:17","modified_gmt":"2023-02-02T00:39:17","slug":"company","status":"publish","type":"page","link":"https:\/\/telesol.net\/Fr\/company\/","title":{"rendered":"\u00c0 propos de nous"},"content":{"rendered":"\n<style type=\"text\/css\" data-created_by=\"avia_inline_auto\" id=\"style-css-av-kvtis897-7cb2a9e852ed3917a927bc539154e776\">\n.avia-section.av-kvtis897-7cb2a9e852ed3917a927bc539154e776{\nbackground-repeat:no-repeat;\nbackground-image:url(https:\/\/telesol.net\/Fr\/wp-content\/uploads\/2021\/11\/solution1-1030x442-1-300x129.jpg);\nbackground-position:50% 0%;\nbackground-attachment:scroll;\n}\n.avia-section.av-kvtis897-7cb2a9e852ed3917a927bc539154e776 .av-section-color-overlay{\nopacity:0.7;\nbackground-color:#0078ba;\n}\n<\/style>\n<div id='av_section_1'  class='avia-section av-kvtis897-7cb2a9e852ed3917a927bc539154e776 main_color avia-section-default avia-no-border-styling  avia-builder-el-0  el_before_av_one_full  avia-builder-el-first  avia-full-stretch avia-bg-style-scroll av-section-color-overlay-active  av-minimum-height av-minimum-height-50  container_wrap sidebar_right'  data-section-bg-repeat='stretch' data-av_minimum_height_pc='50'><div class='av-section-color-overlay-wrap'><div class=\"av-section-color-overlay\"><\/div><a href='#next-section' title='' class='scroll-down-link ' aria-hidden='true' data-av_icon='\ue877' data-av_iconfont='entypo-fontello'><\/a><div class='container av-section-cont-open' ><main  role=\"main\" itemprop=\"mainContentOfPage\"  class='template-page content  av-content-small alpha units'><div class='post-entry post-entry-type-page post-entry-31'><div class='entry-content-wrapper clearfix'><\/div><\/div><\/main><!-- close content main element --><\/div><\/div><\/div><div id='after_section_1'  class='main_color av_default_container_wrap container_wrap sidebar_right'  ><div class='container av-section-cont-open' ><div class='template-page content  av-content-small alpha units'><div class='post-entry post-entry-type-page post-entry-31'><div class='entry-content-wrapper clearfix'>\n\n<style type=\"text\/css\" data-created_by=\"avia_inline_auto\" id=\"style-css-av-kvtj1kra-d33a1e250eebf5c68364392405a08c5d\">\n.flex_column.av-kvtj1kra-d33a1e250eebf5c68364392405a08c5d{\nborder-width:1px;\nborder-color:#707070;\nborder-style:solid;\npadding:30px 30px 30px 30px;\nbackground-color:#e5e5e5;\n}\n<\/style>\n<div class='flex_column av-kvtj1kra-d33a1e250eebf5c68364392405a08c5d av_one_full  avia-builder-el-1  el_after_av_section  el_before_av_one_half  avia-builder-el-first  first flex_column_div '   ><section class=\"av_textblock_section \"  itemscope=\"itemscope\" itemtype=\"https:\/\/schema.org\/CreativeWork\" ><div class='avia_textblock  '   itemprop=\"text\" ><h2 style=\"text-align: center ;\">Qui sommes nous ?<\/h2>\n<p style=\"text-align: justify;\">T\u00c9LESOL est un op\u00e9rateur de donn\u00e9es public agr\u00e9\u00e9 en RD Congo qui fournit des donn\u00e9es haut d\u00e9bit et une connectivit\u00e9 Internet au gouvernement, aux FAI, aux op\u00e9rateurs de t\u00e9l\u00e9communications, aux op\u00e9rateurs mobiles, aux fournisseurs de r\u00e9seaux et aux entreprises. Notre personnel technique hautement qualifi\u00e9 et notre exp\u00e9rience dans tout le spectre des communications de donn\u00e9es nous permettent d&rsquo;offrir des produits et services qui r\u00e9pondent aux attentes de nos clients.<\/p>\n<\/div><\/section><\/div>\n<div class='flex_column av-1j7db-0166659308868e60a7aa347eb5657bb3 av_one_half  avia-builder-el-3  el_after_av_one_full  el_before_av_one_half  first flex_column_div column-top-margin'   ><p>\n<style type=\"text\/css\" data-created_by=\"avia_inline_auto\" id=\"style-css-av-kvtjc298-8cadddf67160e5f03e4f468aea6b1b08\">\n#top .av-special-heading.av-kvtjc298-8cadddf67160e5f03e4f468aea6b1b08{\npadding-bottom:10px;\n}\n<\/style>\n<div  class='av-special-heading av-kvtjc298-8cadddf67160e5f03e4f468aea6b1b08 av-special-heading-h2 blockquote modern-quote  avia-builder-el-4  el_before_av_hr  avia-builder-el-first  '><h2 class='av-special-heading-tag '  itemprop=\"headline\"  >NOTRE MISSION<\/h2><div class='special-heading-border'><div class='special-heading-inner-border'><\/div><\/div><\/div><br \/>\n\n<style type=\"text\/css\" data-created_by=\"avia_inline_auto\" id=\"style-css-av-kvtjapuf-a8bed0deb4c321e890ee5c832db5c365\">\n#top .hr.av-kvtjapuf-a8bed0deb4c321e890ee5c832db5c365{\nmargin-top:10px;\nmargin-bottom:10px;\n}\n.hr.av-kvtjapuf-a8bed0deb4c321e890ee5c832db5c365 .hr-inner{\nwidth:50px;\nborder-color:#0768b2;\n}\n<\/style>\n<div  class='hr av-kvtjapuf-a8bed0deb4c321e890ee5c832db5c365 hr-custom  avia-builder-el-5  el_after_av_heading  el_before_av_image  hr-left hr-icon-no '><span class='hr-inner inner-border-av-border-fat'><span class=\"hr-inner-style\"><\/span><\/span><\/div><br \/>\n\n<style type=\"text\/css\" data-created_by=\"avia_inline_auto\" id=\"style-css-av-kvtjdg3b-eca0501dc7d14985c56e10217312338d\">\n.avia-image-container.av-kvtjdg3b-eca0501dc7d14985c56e10217312338d .av-image-caption-overlay-center{\ncolor:#ffffff;\n}\n<\/style>\n<div  class='avia-image-container av-kvtjdg3b-eca0501dc7d14985c56e10217312338d av-styling- avia-align-center  avia-builder-el-6  el_after_av_hr  avia-builder-el-last  '  itemprop=\"image\" itemscope=\"itemscope\" itemtype=\"https:\/\/schema.org\/ImageObject\" ><div class=\"avia-image-container-inner\"><div class=\"avia-image-overlay-wrap\"><img decoding=\"async\" class='wp-image-487 avia-img-lazy-loading-not-487 avia_image' src=\"https:\/\/telesol.net\/Fr\/wp-content\/uploads\/2023\/02\/pexels-brett-sayles-5408008-1500x998.jpg\" alt='' title='pexels-brett-sayles-5408008'  height=\"998\" width=\"1500\"  itemprop=\"thumbnailUrl\" srcset=\"https:\/\/telesol.net\/Fr\/wp-content\/uploads\/2023\/02\/pexels-brett-sayles-5408008-1500x998.jpg 1500w, https:\/\/telesol.net\/Fr\/wp-content\/uploads\/2023\/02\/pexels-brett-sayles-5408008-300x200.jpg 300w, https:\/\/telesol.net\/Fr\/wp-content\/uploads\/2023\/02\/pexels-brett-sayles-5408008-1030x685.jpg 1030w, https:\/\/telesol.net\/Fr\/wp-content\/uploads\/2023\/02\/pexels-brett-sayles-5408008-768x511.jpg 768w, https:\/\/telesol.net\/Fr\/wp-content\/uploads\/2023\/02\/pexels-brett-sayles-5408008-1536x1022.jpg 1536w, https:\/\/telesol.net\/Fr\/wp-content\/uploads\/2023\/02\/pexels-brett-sayles-5408008-2048x1363.jpg 2048w, https:\/\/telesol.net\/Fr\/wp-content\/uploads\/2023\/02\/pexels-brett-sayles-5408008-705x469.jpg 705w\" sizes=\"(max-width: 1500px) 100vw, 1500px\" \/><\/div><\/div><\/div><\/p><\/div><div class='flex_column av-xrzv-f0b294843b33ca2f5de8ae9907da9a1f av_one_half  avia-builder-el-7  el_after_av_one_half  el_before_av_one_half  flex_column_div column-top-margin'   ><p>\n<style type=\"text\/css\" data-created_by=\"avia_inline_auto\" id=\"style-css-av-kvtj8cc5-deea0d4c4ce9f663b7eeb5b90bfc4ca0\">\n#top .hr.hr-invisible.av-kvtj8cc5-deea0d4c4ce9f663b7eeb5b90bfc4ca0{\nheight:200px;\n}\n<\/style>\n<div  class='hr av-kvtj8cc5-deea0d4c4ce9f663b7eeb5b90bfc4ca0 hr-invisible  avia-builder-el-8  el_before_av_textblock  avia-builder-el-first  '><span class='hr-inner '><span class=\"hr-inner-style\"><\/span><\/span><\/div><br \/>\n<section class=\"av_textblock_section \"  itemscope=\"itemscope\" itemtype=\"https:\/\/schema.org\/CreativeWork\" ><div class='avia_textblock  '   itemprop=\"text\" ><ul>\n<li>Notre mission est d&rsquo;identifier, d&rsquo;assimiler et de fournir en permanence une technologie de pointe.<\/li>\n<li>\u00c9tendez les services de communication jusque dans les zones les plus recul\u00e9es du continent africain.<\/li>\n<li>Fournir des solutions d&rsquo;entreprise sp\u00e9cialis\u00e9es, innovantes, \u00e9volutives et s\u00e9curis\u00e9es qui exploitent pleinement les capacit\u00e9s du net.<\/li>\n<li>Maintenir une relation commerciale solide avec nos partenaires technologiques et continuer \u00e0 utiliser leur force et leur expertise pour fournir des solutions solides \u00e0 nos clients.<\/li>\n<li>Anticiper et comprendre en permanence les besoins, les attentes et les probl\u00e8mes des clients et fournir des solutions opportunes et pr\u00e9cises.<\/li>\n<li>Cr\u00e9er et entretenir une culture organisationnelle qui motive et responsabilise ses employ\u00e9s.<\/li>\n<\/ul>\n<\/div><\/section><\/p><\/div><\/p>\n<div class='flex_column av-4p1wj-b6f31fd7e766655bd2b509e5c6d2c34b av_one_half  avia-builder-el-10  el_after_av_one_half  el_before_av_one_half  first flex_column_div column-top-margin'   ><p>\n<style type=\"text\/css\" data-created_by=\"avia_inline_auto\" id=\"style-css-av-kvtjw7q2-6ad988a85c87d45e4f7752cf8c2eb767\">\n#top .av-special-heading.av-kvtjw7q2-6ad988a85c87d45e4f7752cf8c2eb767{\npadding-bottom:10px;\n}\n<\/style>\n<div  class='av-special-heading av-kvtjw7q2-6ad988a85c87d45e4f7752cf8c2eb767 av-special-heading-h2 blockquote modern-quote  avia-builder-el-11  el_before_av_hr  avia-builder-el-first  '><h2 class='av-special-heading-tag '  itemprop=\"headline\"  >NOTRE VISION<\/h2><div class='special-heading-border'><div class='special-heading-inner-border'><\/div><\/div><\/div><br \/>\n\n<style type=\"text\/css\" data-created_by=\"avia_inline_auto\" id=\"style-css-av-41uvf-9477f7e2fc7b134b06c4a7ebb93e2cc0\">\n#top .hr.av-41uvf-9477f7e2fc7b134b06c4a7ebb93e2cc0{\nmargin-top:10px;\nmargin-bottom:10px;\n}\n.hr.av-41uvf-9477f7e2fc7b134b06c4a7ebb93e2cc0 .hr-inner{\nwidth:50px;\nborder-color:#0768b2;\n}\n<\/style>\n<div  class='hr av-41uvf-9477f7e2fc7b134b06c4a7ebb93e2cc0 hr-custom  avia-builder-el-12  el_after_av_heading  el_before_av_image  hr-left hr-icon-no '><span class='hr-inner inner-border-av-border-fat'><span class=\"hr-inner-style\"><\/span><\/span><\/div><br \/>\n\n<style type=\"text\/css\" data-created_by=\"avia_inline_auto\" id=\"style-css-av-kvtjyfaw-407d52e9b6382d727f8875fb58637344\">\n.avia-image-container.av-kvtjyfaw-407d52e9b6382d727f8875fb58637344 .av-image-caption-overlay-center{\ncolor:#ffffff;\n}\n<\/style>\n<div  class='avia-image-container av-kvtjyfaw-407d52e9b6382d727f8875fb58637344 av-styling- avia-align-center  avia-builder-el-13  el_after_av_hr  el_before_av_textblock  '  itemprop=\"image\" itemscope=\"itemscope\" itemtype=\"https:\/\/schema.org\/ImageObject\" ><div class=\"avia-image-container-inner\"><div class=\"avia-image-overlay-wrap\"><img decoding=\"async\" class='wp-image-488 avia-img-lazy-loading-not-488 avia_image' src=\"https:\/\/telesol.net\/Fr\/wp-content\/uploads\/2023\/02\/Compass-Pointing-to-Vision_V1200.jpg\" alt='' title='Compass-Pointing-to-Vision_V1200'  height=\"665\" width=\"1200\"  itemprop=\"thumbnailUrl\" srcset=\"https:\/\/telesol.net\/Fr\/wp-content\/uploads\/2023\/02\/Compass-Pointing-to-Vision_V1200.jpg 1200w, https:\/\/telesol.net\/Fr\/wp-content\/uploads\/2023\/02\/Compass-Pointing-to-Vision_V1200-300x166.jpg 300w, https:\/\/telesol.net\/Fr\/wp-content\/uploads\/2023\/02\/Compass-Pointing-to-Vision_V1200-1030x571.jpg 1030w, https:\/\/telesol.net\/Fr\/wp-content\/uploads\/2023\/02\/Compass-Pointing-to-Vision_V1200-768x426.jpg 768w, https:\/\/telesol.net\/Fr\/wp-content\/uploads\/2023\/02\/Compass-Pointing-to-Vision_V1200-705x391.jpg 705w\" sizes=\"(max-width: 1200px) 100vw, 1200px\" \/><\/div><\/div><\/div><br \/>\n<section class=\"av_textblock_section \"  itemscope=\"itemscope\" itemtype=\"https:\/\/schema.org\/CreativeWork\" ><div class='avia_textblock  '   itemprop=\"text\" ><ul>\n<li>Cr\u00e9er le village global de demain, o\u00f9 l&rsquo;information circulera sans fronti\u00e8res.<\/li>\n<li>Fournir l&rsquo;accessibilit\u00e9 de l&rsquo;information \u00e0 tout moment, n&rsquo;importe o\u00f9, de mani\u00e8re abordable et s\u00e9curis\u00e9e.<\/li>\n<li>Devenir un leader du march\u00e9 de la communication de donn\u00e9es et des services Internet, o\u00f9 nous proposons des solutions plug and play.<\/li>\n<\/ul>\n<\/div><\/section><\/p><\/div><div class='flex_column av-2pgz3-dad17de89a0992bb3520dbe2a5a6d150 av_one_half  avia-builder-el-15  el_after_av_one_half  el_before_av_promobox  flex_column_div column-top-margin'   ><p>\n<style type=\"text\/css\" data-created_by=\"avia_inline_auto\" id=\"style-css-av-284lb-4df97851ce17558f2cccaeb79f00025d\">\n#top .av-special-heading.av-284lb-4df97851ce17558f2cccaeb79f00025d{\npadding-bottom:10px;\n}\n<\/style>\n<div  class='av-special-heading av-284lb-4df97851ce17558f2cccaeb79f00025d av-special-heading-h2 blockquote modern-quote  avia-builder-el-16  el_before_av_hr  avia-builder-el-first  '><h2 class='av-special-heading-tag '  itemprop=\"headline\"  >PLUS DE 20 ANS D\u2019EXP\u00c9RIENCE<\/h2><div class='special-heading-border'><div class='special-heading-inner-border'><\/div><\/div><\/div><br \/>\n\n<style type=\"text\/css\" data-created_by=\"avia_inline_auto\" id=\"style-css-av-1nuvv-29638d8a8a88c5031ed8312dc11f722e\">\n#top .hr.av-1nuvv-29638d8a8a88c5031ed8312dc11f722e{\nmargin-top:10px;\nmargin-bottom:10px;\n}\n.hr.av-1nuvv-29638d8a8a88c5031ed8312dc11f722e .hr-inner{\nwidth:50px;\nborder-color:#0768b2;\n}\n<\/style>\n<div  class='hr av-1nuvv-29638d8a8a88c5031ed8312dc11f722e hr-custom  avia-builder-el-17  el_after_av_heading  el_before_av_image  hr-left hr-icon-no '><span class='hr-inner inner-border-av-border-fat'><span class=\"hr-inner-style\"><\/span><\/span><\/div><br \/>\n\n<style type=\"text\/css\" data-created_by=\"avia_inline_auto\" id=\"style-css-av-smfb-d2b5bc950653969b159cd78d36b7769b\">\n.avia-image-container.av-smfb-d2b5bc950653969b159cd78d36b7769b .av-image-caption-overlay-center{\ncolor:#ffffff;\n}\n<\/style>\n<div  class='avia-image-container av-smfb-d2b5bc950653969b159cd78d36b7769b av-styling- avia-align-center  avia-builder-el-18  el_after_av_hr  el_before_av_textblock  '  itemprop=\"image\" itemscope=\"itemscope\" itemtype=\"https:\/\/schema.org\/ImageObject\" ><div class=\"avia-image-container-inner\"><div class=\"avia-image-overlay-wrap\"><img decoding=\"async\" class='wp-image-492 avia-img-lazy-loading-not-492 avia_image' src=\"https:\/\/telesol.net\/Fr\/wp-content\/uploads\/2023\/02\/moc.png\" alt='' title='moc'  height=\"760\" width=\"840\"  itemprop=\"thumbnailUrl\" srcset=\"https:\/\/telesol.net\/Fr\/wp-content\/uploads\/2023\/02\/moc.png 840w, https:\/\/telesol.net\/Fr\/wp-content\/uploads\/2023\/02\/moc-300x271.png 300w, https:\/\/telesol.net\/Fr\/wp-content\/uploads\/2023\/02\/moc-768x695.png 768w, https:\/\/telesol.net\/Fr\/wp-content\/uploads\/2023\/02\/moc-705x638.png 705w\" sizes=\"(max-width: 840px) 100vw, 840px\" \/><\/div><\/div><\/div><br \/>\n<section class=\"av_textblock_section \"  itemscope=\"itemscope\" itemtype=\"https:\/\/schema.org\/CreativeWork\" ><div class='avia_textblock  '   itemprop=\"text\" ><h3>Nous croyons qu&rsquo;il est plus facile pour les organisations de travailler et de se d\u00e9velopper \u00e0 l&rsquo;\u00e9chelle internationale.<\/h3>\n<p style=\"text-align: justify;\">Nos services et solutions incluent Internet et donn\u00e9es via la connectivit\u00e9 sans fil et satellite, des fonctions multim\u00e9dias telles que la vid\u00e9oconf\u00e9rence, la VOIP, le streaming vid\u00e9o, etc. services tels que\u00a0: \u00e9tude de sites, travaux de g\u00e9nie civil, installation et mise en service de micro-ondes et V-SAT, chaque fois que cela est demand\u00e9.<\/p>\n<p style=\"text-align: justify;\">TELESOL a \u00e9t\u00e9 actif non seulement en RD Congo mais aussi en Am\u00e9rique. Nous faisons partie d&rsquo;un Groupe d&rsquo;entreprises ayant des bureaux en R\u00e9publique D\u00e9mocratique du Congo, aux \u00c9tats-Unis et au Canada. Nous travaillons \u00e9galement avec de nombreux op\u00e9rateurs et fabricants d&rsquo;\u00e9quipements dans l&rsquo;industrie de la communication de donn\u00e9es dans le monde entier.<\/p>\n<\/div><\/section><\/p><\/div><div  class='av_promobox av-kvtk7atz-598a5f4430390c07067aab0409f9b1a4 avia-button-yes  avia-builder-el-20  el_after_av_one_half  avia-builder-el-last  '><div class='avia-promocontent'><p>\nContactez-nous<\/p>\n<\/div><div  class='avia-button-wrap avia-button-right ' >\n<style type=\"text\/css\" data-created_by=\"avia_inline_auto\" id=\"style-css-av-kvtk7atz-657c262369c355cb1cdde18af6f3e9c3\">\n#top #wrap_all .avia-button.av-kvtk7atz-657c262369c355cb1cdde18af6f3e9c3:hover{\nopacity:0.5;\ntransition:all 0.4s ease-in-out;\n-webkit-transition:all 0.4s ease-in-out;\n-moz-transition:all 0.4s ease-in-out;\n-ms-transition:all 0.4s ease-in-out;\n-o-transition:all 0.4s ease-in-out;\n}\n<\/style>\n<a href='https:\/\/telesol.net\/Fr\/contact\/'  class='avia-button av-kvtk7atz-657c262369c355cb1cdde18af6f3e9c3 avia-icon_select-yes-left-icon avia-size-medium avia-position-right avia-color-blue ' ><span class='avia_button_icon avia_button_icon_left' aria-hidden='true' data-av_icon='\ue805' data-av_iconfont='entypo-fontello'><\/span><span class='avia_iconbox_title' >Contact<\/span><\/a><\/div><\/div><\/p>\n","protected":false},"excerpt":{"rendered":"","protected":false},"author":1,"featured_media":0,"parent":0,"menu_order":0,"comment_status":"closed","ping_status":"closed","template":"","meta":{"footnotes":""},"class_list":["post-31","page","type-page","status-publish","hentry"],"_links":{"self":[{"href":"https:\/\/telesol.net\/Fr\/wp-json\/wp\/v2\/pages\/31","targetHints":{"allow":["GET"]}}],"collection":[{"href":"https:\/\/telesol.net\/Fr\/wp-json\/wp\/v2\/pages"}],"about":[{"href":"https:\/\/telesol.net\/Fr\/wp-json\/wp\/v2\/types\/page"}],"author":[{"embeddable":true,"href":"https:\/\/telesol.net\/Fr\/wp-json\/wp\/v2\/users\/1"}],"replies":[{"embeddable":true,"href":"https:\/\/telesol.net\/Fr\/wp-json\/wp\/v2\/comments?post=31"}],"version-history":[{"count":13,"href":"https:\/\/telesol.net\/Fr\/wp-json\/wp\/v2\/pages\/31\/revisions"}],"predecessor-version":[{"id":493,"href":"https:\/\/telesol.net\/Fr\/wp-json\/wp\/v2\/pages\/31\/revisions\/493"}],"wp:attachment":[{"href":"https:\/\/telesol.net\/Fr\/wp-json\/wp\/v2\/media?parent=31"}],"curies":[{"name":"wp","href":"https:\/\/api.w.org\/{rel}","templated":true}]}}